{"id":723,"date":"2026-04-09T23:08:30","date_gmt":"2026-04-09T21:08:30","guid":{"rendered":"https:\/\/gaudinhamama.com\/?page_id=723"},"modified":"2026-04-17T09:21:46","modified_gmt":"2026-04-17T07:21:46","slug":"cv-hadrien-gaudin-hamama-2","status":"publish","type":"page","link":"https:\/\/gaudinhamama.com\/?page_id=723","title":{"rendered":"Resume &#8211; Hadrien Gaudin-Hamama"},"content":{"rendered":"\n<h2 class=\"wp-block-heading has-text-align-center\" id=\"block-b90ce95b-367b-4523-8976-653e0b48b341\">Keynote Speaker<\/h2>\n\n\n\n<p class=\"has-text-align-center\" id=\"block-02ac5c22-4350-42ca-9551-8708c447029d\"><strong><strong>Helping corporates &amp; investors align their businesses with Nature goals<\/strong><\/strong><\/p>\n\n\n<div class=\"wp-block-image\">\n<figure class=\"aligncenter size-full\"><img loading=\"lazy\" decoding=\"async\" width=\"309\" height=\"414\" src=\"http:\/\/gaudinhamama.com\/wp-content\/uploads\/2026\/04\/Image1.png\" alt=\"\" class=\"wp-image-754\" srcset=\"https:\/\/gaudinhamama.com\/wp-content\/uploads\/2026\/04\/Image1.png 309w, https:\/\/gaudinhamama.com\/wp-content\/uploads\/2026\/04\/Image1-224x300.png 224w\" sizes=\"auto, (max-width: 309px) 85vw, 309px\" \/><\/figure>\n<\/div>\n\n\n<h2 class=\"wp-block-heading\" id=\"block-1d5f35e4-546b-4ed3-9b87-0403839c9f3a\"><strong><strong>Communication records<\/strong><\/strong><\/h2>\n\n\n\n<blockquote class=\"wp-block-quote is-layout-flow wp-block-quote-is-layout-flow\">\n<p id=\"block-f1da9781-63ce-4fbe-997f-d1f8a86c189e\"><strong><strong>In situ conferences<\/strong><\/strong><\/p>\n\n\n\n<ul id=\"block-bc5b3966-44cc-4917-8c31-9fb3f2c5373a\" class=\"wp-block-list\">\n<li>\u201cFrom Risk to Resilience: Water strategies for consumer goods and services\u201d, 2026, ERM<\/li>\n\n\n\n<li>\u201cFinancing the nature-positive transition\u201d, 2025, EBNS Helsinki<\/li>\n\n\n\n<li>\u201cLes rendez-vous \u00e9chos responsables\u201d : (i) \u201cl&rsquo;agriculture\u201d, 2024, (ii) \u201cQuelle gouvernance dans le secteur de l&rsquo;eau ? \u201d, 2023 (iii) \u201dLa biodiversit\u00e9\u201d, 2022, BPCE<\/li>\n\n\n\n<li>\u201cFinance &amp; Biodiversit\u00e9 : l&rsquo;\u00e9cosyst\u00e8me fran\u00e7ais\u201d, 2022, Finance for Tomorrow<\/li>\n\n\n\n<li>\u201cIntroducing biodiversity footprint as an equity portfolio reporting tool\u201d, 2021, FIR<\/li>\n<\/ul>\n<\/blockquote>\n\n\n\n<blockquote class=\"wp-block-quote is-layout-flow wp-block-quote-is-layout-flow\">\n<p id=\"block-f5c93c5f-9230-4606-913b-fc97b2e2cb29\"><strong>Webinars<\/strong><\/p>\n\n\n\n<ul id=\"block-9e86d3ae-2d07-4b72-891a-ff794cac9457\" class=\"wp-block-list\">\n<li>\u201cPRI Spring, engagement initiative on deforestation: release of the annual progress report\u201d, 2026, PRI Spring<\/li>\n\n\n\n<li>\u201cWhat are nature-related risks costing you? Understanding ecosyst. depend. and risk mitig.\u201d, 2026, WBCSD<\/li>\n\n\n\n<li>\u201cBuilding effective Private Sector engagement for nutrition\u201d, 2025, Nutrition 4 Growth Summit Paris<\/li>\n\n\n\n<li>\u201cMeet the Expert &#8211; Waste and pollution engagement\u201d, 2024, FAIRR<\/li>\n\n\n\n<li>\u201cNew Green Shoots 2024: Latest trends and innovations in nature finance\u201d, 2024, UNEP<\/li>\n\n\n\n<li>\u201cHow front-running global investors are closing the biodiversity funding gap\u201c, 2024, IDFB-dialogue<\/li>\n\n\n\n<li>\u201cTransforming finance for impactful action webinar\u201d, 2024, Transpath.EU<\/li>\n\n\n\n<li>\u00ab&nbsp;Comment int\u00e9grer la biodiversit\u00e9 au plan de transition&nbsp;\u00bb, 2024, Institut Louis Bachelier<\/li>\n\n\n\n<li>\u201cSeminar on EU Taxonomy\u201d, 2023, ORSE<\/li>\n\n\n\n<li>\u201cF4T- Pr\u00e9sentation de l&rsquo;\u00e9tude \u00ab\u00a0Finance &amp; Biodiversit\u00e9 &#8211; l&rsquo;\u00e9cosyst\u00e8me fran\u00e7ais\u00a0\u00bb, 2023, IFD,<\/li>\n\n\n\n<li>\u201cGreen Vision \u2013 the future is already here\u201d, 2021, Natixis Investment Managers<\/li>\n<\/ul>\n<\/blockquote>\n\n\n\n<blockquote class=\"wp-block-quote is-layout-flow wp-block-quote-is-layout-flow\">\n<p id=\"block-535b24c4-42ff-4e5a-aebb-ff20a4febdc2\"><strong><strong>Teaching<\/strong><\/strong><\/p>\n\n\n\n<ul id=\"block-e52ce039-2b67-4026-a93d-cb1422a569a2\" class=\"wp-block-list\">\n<li>\u201cThematic biodiversity equity portfolio\u201d, 2026, KEDGE Business School, Paris<\/li>\n\n\n\n<li>\u201cIntroducing Mirova\u2019s approach to corporates\u2019 sustainability assessment\u201d 2022, Sciences Po Paris<\/li>\n\n\n\n<li>\u201cPartage d\u2019exp\u00e9rience d\u2019un jeune professionnel de l\u2019investissement responsable\u201d 2021, ESCP Business School, Paris<\/li>\n\n\n\n<li>\u201cTeaching assistant \u2013 Economic policy of Subsaharan Africa\u201d, 2011, Sciences Po Paris<\/li>\n\n\n\n<li>\u201cAssistant d\u2019enseignement en CPGE \u2013 Cours de Physique\u201d, 2009, Lyc\u00e9e Jacques Decour, Paris<\/li>\n<\/ul>\n<\/blockquote>\n\n\n\n<blockquote class=\"wp-block-quote is-layout-flow wp-block-quote-is-layout-flow\">\n<p id=\"block-a6b90d3a-88ff-487a-ad8c-f3f04d731f72\"><strong>Publications<\/strong><\/p>\n\n\n\n<ul id=\"block-232cc9f9-7291-4268-ab62-ba8c666e5ebc\" class=\"wp-block-list\">\n<li>\u201cFinance for Nature Positive: building a working model\u201d, 2024, Finance for Biodiversity<\/li>\n\n\n\n<li>\u201cD\u00e9ployer une strat\u00e9gie ambitieuse en mati\u00e8re de biodiversit\u00e9\u201d, 2024, Natixis IM<\/li>\n\n\n\n<li>\u201cUnlocking the biodiversity-climate nexus\u201d, 2023, Finance for Biodiversity<\/li>\n\n\n\n<li>\u201cUnwrapping the formula to profitable ocean investment \u2013 the case of shellfish aquaculture\u201d, 2023, Finance for Biodiversity<\/li>\n\n\n\n<li>\u201cAct now! The why and how of biodiversity integration by financial institutions\u201d, 2022, Finance for Biodiversity<\/li>\n\n\n\n<li>\u201cForest plantations position paper\u201d, 2021, Mirova<\/li>\n\n\n\n<li>\u201cClustering Value-Added Trade: Structural and Policy Dimensions\u201d, 2012, WTO<\/li>\n<\/ul>\n<\/blockquote>\n\n\n\n<h2 class=\"wp-block-heading\" id=\"block-07c640f5-813f-4b99-bea0-9be39854dbdc\">Career<\/h2>\n\n\n\n<blockquote class=\"wp-block-quote is-layout-flow wp-block-quote-is-layout-flow\">\n<p id=\"block-f559c65d-2091-451f-921d-5663d86bdbbe\"><strong>Professional experience<\/strong><\/p>\n\n\n\n<ul id=\"block-9724bfdf-cda7-446d-b2db-c9b18e0e4566\" class=\"wp-block-list\">\n<li>Impact &amp; ESG Specialist \u2013 Mirova (Natixis) Asset Management \u2013 2020\/actuel, Paris, France<\/li>\n\n\n\n<li>Project Manager \u2013 Vinci Energies \u2013 2017\/2018, Casablanca, Morocco<\/li>\n\n\n\n<li>Project Manager \u2013 Agence fran\u00e7aise de d\u00e9veloppement \u2013 2014\/2017, Paris, France<\/li>\n\n\n\n<li>Bluebook Intern, DG Trade\u2013 European Commission \u2013 2013, Brussels, Belgium<\/li>\n\n\n\n<li>Intern, Office of the Directeur General \u2013 World Trade Organization \u2013 2012\/2013, Geneva, Switzerland<\/li>\n<\/ul>\n<\/blockquote>\n\n\n\n<blockquote class=\"wp-block-quote is-layout-flow wp-block-quote-is-layout-flow\">\n<p id=\"block-e0adaf08-804d-4ef1-ac7c-461101acd8ef\"><strong>Curriculum<\/strong><\/p>\n\n\n\n<ul id=\"block-c5878dce-a709-4d95-b60e-c5601dc26029\" class=\"wp-block-list\">\n<li>MSc. Economics and Public Policy \u2013 Sciences Po Paris \u2013 2010\/2012, Paris, France<\/li>\n\n\n\n<li>Ing\u00e9nieur \u2013 Ecole Polytechnique \u2013 2008\/2012, Palaiseau, France<\/li>\n<\/ul>\n<\/blockquote>\n\n\n\n<blockquote class=\"wp-block-quote is-layout-flow wp-block-quote-is-layout-flow\">\n<p id=\"block-0db486eb-d9f2-4b28-b951-e10ed444e55e\"><strong>Volunteering<\/strong><\/p>\n\n\n\n<ul id=\"block-bbad6b6b-5dd9-42d2-98a9-b38437eb819f\" class=\"wp-block-list\">\n<li>Ecole du paysage de Versailles \u2013 Prospective d\u2019adaptation de la Seine au chgt. Climatique \u2013 2020, Versailles, France<\/li>\n\n\n\n<li>Cedric Villani, Candidat aux \u00e9lections municipales \u2013 directeur de campagne Xe arrdt \u2013 2019\/2020, Paris, France<\/li>\n\n\n\n<li>The Shift Project \u2013 Formation des maires \u00e0 la cyclabilit\u00e9 et gaspillage alimentaire \u2013 2019, Paris, France\n<ul class=\"wp-block-list\">\n<li>Makesense, incubateur de jeunes pousses \u2013 Programme d\u2019\u00e9ducation citoyenne sur le climat \u2013 2019, Paris, France<\/li>\n<\/ul>\n<\/li>\n<\/ul>\n<\/blockquote>\n","protected":false},"excerpt":{"rendered":"<p>Keynote Speaker Helping corporates &amp; investors align their businesses with Nature goals Communication records Career<\/p>\n","protected":false},"author":1,"featured_media":0,"parent":0,"menu_order":0,"comment_status":"closed","ping_status":"closed","template":"","meta":{"footnotes":""},"class_list":["post-723","page","type-page","status-publish","hentry"],"_links":{"self":[{"href":"https:\/\/gaudinhamama.com\/index.php?rest_route=\/wp\/v2\/pages\/723","targetHints":{"allow":["GET"]}}],"collection":[{"href":"https:\/\/gaudinhamama.com\/index.php?rest_route=\/wp\/v2\/pages"}],"about":[{"href":"https:\/\/gaudinhamama.com\/index.php?rest_route=\/wp\/v2\/types\/page"}],"author":[{"embeddable":true,"href":"https:\/\/gaudinhamama.com\/index.php?rest_route=\/wp\/v2\/users\/1"}],"replies":[{"embeddable":true,"href":"https:\/\/gaudinhamama.com\/index.php?rest_route=%2Fwp%2Fv2%2Fcomments&post=723"}],"version-history":[{"count":7,"href":"https:\/\/gaudinhamama.com\/index.php?rest_route=\/wp\/v2\/pages\/723\/revisions"}],"predecessor-version":[{"id":766,"href":"https:\/\/gaudinhamama.com\/index.php?rest_route=\/wp\/v2\/pages\/723\/revisions\/766"}],"wp:attachment":[{"href":"https:\/\/gaudinhamama.com\/index.php?rest_route=%2Fwp%2Fv2%2Fmedia&parent=723"}],"curies":[{"name":"wp","href":"https:\/\/api.w.org\/{rel}","templated":true}]}}