{"id":711,"date":"2026-04-09T22:45:44","date_gmt":"2026-04-09T20:45:44","guid":{"rendered":"https:\/\/gaudinhamama.com\/?page_id=711"},"modified":"2026-04-15T14:01:07","modified_gmt":"2026-04-15T12:01:07","slug":"cv-hadrien-gaudin-hamama","status":"publish","type":"page","link":"https:\/\/gaudinhamama.com\/?page_id=711","title":{"rendered":"CV &#8211; Hadrien Gaudin-Hamama"},"content":{"rendered":"\n<h2 class=\"wp-block-heading has-text-align-center\" id=\"block-710e7f7e-c496-48cf-bdf1-78c1c023171b\">Conf\u00e9rencier<\/h2>\n\n\n\n<p id=\"block-af9df339-5f7a-40e8-98d6-a417c71d63f1\"><strong>Appuie les entreprises et investisseurs \u00e0 aligner leurs activit\u00e9s avec la Nature<\/strong><\/p>\n\n\n<div class=\"wp-block-image\">\n<figure class=\"aligncenter size-full\"><img loading=\"lazy\" decoding=\"async\" width=\"309\" height=\"414\" src=\"http:\/\/gaudinhamama.com\/wp-content\/uploads\/2026\/04\/Image1.png\" alt=\"\" class=\"wp-image-754\" srcset=\"https:\/\/gaudinhamama.com\/wp-content\/uploads\/2026\/04\/Image1.png 309w, https:\/\/gaudinhamama.com\/wp-content\/uploads\/2026\/04\/Image1-224x300.png 224w\" sizes=\"auto, (max-width: 309px) 85vw, 309px\" \/><\/figure>\n<\/div>\n\n\n<h2 class=\"wp-block-heading\" id=\"block-c01f8940-f324-4092-9e87-339f9cda7316\"><strong>Exp\u00e9riences<\/strong><\/h2>\n\n\n\n<blockquote class=\"wp-block-quote is-layout-flow wp-block-quote-is-layout-flow\">\n<p id=\"block-03b38537-4406-41e2-aafc-f1a1fae6af38\"><strong>Conf\u00e9rences in situ<\/strong><\/p>\n\n\n\n<ul id=\"block-1711b630-94c7-4279-9dba-f7eca2d2348a\" class=\"wp-block-list\">\n<li>\u201cFrom Risk to Resilience: Water strategies for consumer goods and services\u201d, 2026, ERM<\/li>\n\n\n\n<li>\u201cFinancing the nature-positive transition\u201d, 2025, EBNS Helsinki<\/li>\n\n\n\n<li>\u201cLes rendez-vous \u00e9chos responsables\u201d : (i) \u201cl&rsquo;agriculture\u201d, 2024, (ii) \u201cQuelle gouvernance dans le secteur de l&rsquo;eau ? \u201d, 2023 (iii) \u201dLa biodiversit\u00e9\u201d, 2022, BPCE<\/li>\n\n\n\n<li>\u201cFinance &amp; Biodiversit\u00e9 : l&rsquo;\u00e9cosyst\u00e8me fran\u00e7ais\u201d, 2022, Finance for Tomorrow<\/li>\n\n\n\n<li>\u201cIntroducing biodiversity footprint as an equity portfolio reporting tool\u201d, 2021, FIR<\/li>\n<\/ul>\n<\/blockquote>\n\n\n\n<blockquote class=\"wp-block-quote is-layout-flow wp-block-quote-is-layout-flow\">\n<p id=\"block-3d4a68fa-369b-45b2-a7fc-ba8f97f3b9e6\"><strong>Webinaires<\/strong><\/p>\n\n\n\n<ul id=\"block-b2529f15-d06c-4c1f-954e-818afdb553aa\" class=\"wp-block-list\">\n<li>\u201cPRI Spring, engagement initiative on deforestation: release of the annual progress report\u201d, 2026, PRI Spring<\/li>\n\n\n\n<li>\u201cWhat are nature-related risks costing you? Understanding ecosyst. depend. and risk mitig.\u201d, 2026, WBCSD<\/li>\n\n\n\n<li>\u201cBuilding effective Private Sector engagement for nutrition\u201d, 2025, Nutrition 4 Growth Summit Paris<\/li>\n\n\n\n<li>\u201cMeet the Expert &#8211; Waste and pollution engagement\u201d, 2024, FAIRR<\/li>\n\n\n\n<li>\u201cNew Green Shoots 2024: Latest trends and innovations in nature finance\u201d, 2024, UNEP<\/li>\n\n\n\n<li>\u201cHow front-running global investors are closing the biodiversity funding gap\u201c, 2024, IDFB-dialogue<\/li>\n\n\n\n<li>\u201cTransforming finance for impactful action webinar\u201d, 2024, Transpath.EU<\/li>\n\n\n\n<li>\u00ab&nbsp;Comment int\u00e9grer la biodiversit\u00e9 au plan de transition&nbsp;\u00bb, 2024, Institut Louis Bachelier<\/li>\n\n\n\n<li>\u201cSeminar on EU Taxonomy\u201d, 2023, ORSE<\/li>\n\n\n\n<li>\u201cF4T- Pr\u00e9sentation de l&rsquo;\u00e9tude \u00ab\u00a0Finance &amp; Biodiversit\u00e9 &#8211; l&rsquo;\u00e9cosyst\u00e8me fran\u00e7ais\u00a0\u00bb, 2023, IFD,<\/li>\n\n\n\n<li>\u201cGreen Vision \u2013 the future is already here\u201d, 2021, Natixis Investment Managers<\/li>\n<\/ul>\n<\/blockquote>\n\n\n\n<blockquote class=\"wp-block-quote is-layout-flow wp-block-quote-is-layout-flow\">\n<p id=\"block-543ab18f-7da6-4246-ac75-d0eb782b21d5\"><strong>Enseignement<\/strong><\/p>\n\n\n\n<ul id=\"block-02475f51-f119-44cd-9b17-b61eee03b634\" class=\"wp-block-list\">\n<li>\u201cThematic biodiversity equity portfolio\u201d, 2026, KEDGE Business School, Paris<\/li>\n\n\n\n<li>\u201cIntroducing Mirova\u2019s approach to corporates\u2019 sustainability assessment\u201d 2022, Sciences Po Paris<\/li>\n\n\n\n<li>\u201cPartage d\u2019exp\u00e9rience d\u2019un jeune professionnel de l\u2019investissement responsable\u201d 2021, ESCP Business School, Paris<\/li>\n\n\n\n<li>\u201cTeaching assistant \u2013 Economic policy of Subsaharan Africa\u201d, 2011, Sciences Po Paris<\/li>\n\n\n\n<li>\u201cAssistant d\u2019enseignement en CPGE \u2013 Cours de Physique\u201d, 2009, Lyc\u00e9e Jacques Decour, Paris<\/li>\n<\/ul>\n<\/blockquote>\n\n\n\n<blockquote class=\"wp-block-quote is-layout-flow wp-block-quote-is-layout-flow\">\n<p id=\"block-ae8e5c6f-868b-4c45-bc3f-2f0271a78a48\"><strong>Publications<\/strong><\/p>\n\n\n\n<ul id=\"block-c896fc42-fe31-4a9a-ba3e-2dda4ca0b91a\" class=\"wp-block-list\">\n<li>\u201cFinance for Nature Positive: building a working model\u201d, 2024, Finance for Biodiversity<\/li>\n\n\n\n<li>\u201cD\u00e9ployer une strat\u00e9gie ambitieuse en mati\u00e8re de biodiversit\u00e9\u201d, 2024, Natixis IM<\/li>\n\n\n\n<li>\u201cUnlocking the biodiversity-climate nexus\u201d, 2023, Finance for Biodiversity<\/li>\n\n\n\n<li>\u201cUnwrapping the formula to profitable ocean investment \u2013 the case of shellfish aquaculture\u201d, 2023, Finance for Biodiversity<\/li>\n\n\n\n<li>\u201cAct now! The why and how of biodiversity integration by financial institutions\u201d, 2022, Finance for Biodiversity<\/li>\n\n\n\n<li>\u201cForest plantations position paper\u201d, 2021, Mirova<\/li>\n\n\n\n<li>\u201cClustering Value-Added Trade: Structural and Policy Dimensions\u201d, 2012, WTO<\/li>\n<\/ul>\n<\/blockquote>\n\n\n\n<h2 class=\"wp-block-heading\" id=\"block-12da0b8c-4a5b-48ca-b448-c097259d2309\">Parcours<\/h2>\n\n\n\n<blockquote class=\"wp-block-quote is-layout-flow wp-block-quote-is-layout-flow\">\n<p id=\"block-30cebb4f-8b22-4fbd-988f-17ad9af55434\">Exp\u00e9rience professionnelle<\/p>\n\n\n\n<ul id=\"block-83469a22-bab4-4108-ac7e-32ccd31e9b57\" class=\"wp-block-list\">\n<li>Sp\u00e9cialiste Impact &amp; ESG \u2013 Mirova (Natixis) Asset Management \u2013 2020\/actuel, Paris, France<\/li>\n\n\n\n<li>Resp. d&rsquo;affaires \u2013 Vinci Energies \u2013 2017\/2018, Casablanca, Maroc<\/li>\n\n\n\n<li>Chef de projets \u2013 Agence fran\u00e7aise de d\u00e9veloppement \u2013 2014\/2017, Paris, France<\/li>\n\n\n\n<li>Stagiaire Bluebook, DG Commerce \u2013 Commission Europ\u00e9enne \u2013 2013, Bruxelles, Belgique<\/li>\n\n\n\n<li>Stagiaire, Cabinet du directeur g\u00e9n\u00e9ral \u2013 Organisation mondiale du commerce \u2013 2012\/2013, Gen\u00e8ve, Suisse<\/li>\n<\/ul>\n<\/blockquote>\n\n\n\n<blockquote class=\"wp-block-quote is-layout-flow wp-block-quote-is-layout-flow\">\n<p id=\"block-ef24e0dd-c6b4-416b-a37e-3aad43127773\"><strong>Formation<\/strong><\/p>\n\n\n\n<ul id=\"block-dbfc44fd-4053-4f23-89af-bcc9c117540d\" class=\"wp-block-list\">\n<li>MSc. Economics and Public Policy \u2013 Sciences Po Paris \u2013 2010\/2012, Paris, France<\/li>\n\n\n\n<li>Ing\u00e9nieur \u2013 Ecole Polytechnique \u2013 2008\/2012, Palaiseau, France<\/li>\n<\/ul>\n<\/blockquote>\n\n\n\n<blockquote class=\"wp-block-quote is-layout-flow wp-block-quote-is-layout-flow\">\n<p id=\"block-40e73519-9109-4bd4-8ae5-33e99b888cd6\"><strong>Engagement associatif et citoyen<\/strong><\/p>\n\n\n\n<ul id=\"block-6786eabd-4f59-4e71-8aae-868083684dd0\" class=\"wp-block-list\">\n<li>Ecole du paysage de Versailles \u2013 Prospective d\u2019adaptation de la Seine au chgt. Climatique \u2013 2020, Versailles, France<\/li>\n\n\n\n<li>Cedric Villani, Candidat aux \u00e9lections municipales \u2013 directeur de campagne Xe arrdt \u2013 2019\/2020, Paris, France<\/li>\n\n\n\n<li>The Shift Project \u2013 Formation des maires \u00e0 la cyclabilit\u00e9 et gaspillage alimentaire \u2013 2019, Paris, France\n<ul class=\"wp-block-list\">\n<li>Makesense, incubateur de jeunes pousses \u2013 Programme d\u2019\u00e9ducation citoyenne sur le climat \u2013 2019, Paris, France<\/li>\n<\/ul>\n<\/li>\n<\/ul>\n\n\n\n<p><\/p>\n<\/blockquote>\n","protected":false},"excerpt":{"rendered":"<p>Conf\u00e9rencier Appuie les entreprises et investisseurs \u00e0 aligner leurs activit\u00e9s avec la Nature Exp\u00e9riences Parcours<\/p>\n","protected":false},"author":1,"featured_media":0,"parent":0,"menu_order":0,"comment_status":"closed","ping_status":"closed","template":"","meta":{"footnotes":""},"class_list":["post-711","page","type-page","status-publish","hentry"],"_links":{"self":[{"href":"https:\/\/gaudinhamama.com\/index.php?rest_route=\/wp\/v2\/pages\/711","targetHints":{"allow":["GET"]}}],"collection":[{"href":"https:\/\/gaudinhamama.com\/index.php?rest_route=\/wp\/v2\/pages"}],"about":[{"href":"https:\/\/gaudinhamama.com\/index.php?rest_route=\/wp\/v2\/types\/page"}],"author":[{"embeddable":true,"href":"https:\/\/gaudinhamama.com\/index.php?rest_route=\/wp\/v2\/users\/1"}],"replies":[{"embeddable":true,"href":"https:\/\/gaudinhamama.com\/index.php?rest_route=%2Fwp%2Fv2%2Fcomments&post=711"}],"version-history":[{"count":7,"href":"https:\/\/gaudinhamama.com\/index.php?rest_route=\/wp\/v2\/pages\/711\/revisions"}],"predecessor-version":[{"id":763,"href":"https:\/\/gaudinhamama.com\/index.php?rest_route=\/wp\/v2\/pages\/711\/revisions\/763"}],"wp:attachment":[{"href":"https:\/\/gaudinhamama.com\/index.php?rest_route=%2Fwp%2Fv2%2Fmedia&parent=711"}],"curies":[{"name":"wp","href":"https:\/\/api.w.org\/{rel}","templated":true}]}}